{"id":1158,"date":"2023-11-20T21:01:19","date_gmt":"2023-11-20T21:01:19","guid":{"rendered":"http:\/\/www.cooperadoresdedios.org\/?page_id=1158"},"modified":"2023-11-20T21:01:20","modified_gmt":"2023-11-20T21:01:20","slug":"domo-4-creacion-biblioteca-catolica-parque-recreativo-creacion-area-espiritual-de-artes-y-manualidades","status":"publish","type":"page","link":"https:\/\/www.cooperadoresdedios.org\/index.php\/vina-vecinal\/domo-4-creacion-biblioteca-catolica-parque-recreativo-creacion-area-espiritual-de-artes-y-manualidades\/","title":{"rendered":"VI\u00d1A VECINAL \u2013 DOMO 4 \u2013 Creaci\u00f3n biblioteca cat\u00f3lica, parque recreativo, creaci\u00f3n \u00e1rea espiritual, de artes y manualidades"},"content":{"rendered":"\n<div class=\"NavLinks\">\n              <ul>\n                  <li><a href=\"\/\">Inicio<\/a><\/li>\n                  <li><a href=\"\/index.php\/vina-vecinal\/\">Vi\u00f1a Vecinal<\/a><\/li>\n                 <li>DOMO 4 \u2013 Creaci\u00f3n biblioteca cat\u00f3lica, parque recreativo, creaci\u00f3n \u00e1rea espiritual, de artes y manualidades <\/li>\n              <\/ul>\n          <\/div>\n","protected":false},"excerpt":{"rendered":"<p>Inicio Vi\u00f1a Vecinal DOMO 4 \u2013 Creaci\u00f3n biblioteca cat\u00f3lica, parque recreativo, creaci\u00f3n \u00e1rea espiritual, de artes y manualidades<\/p>\n","protected":false},"author":1,"featured_media":0,"parent":701,"menu_order":4,"comment_status":"closed","ping_status":"closed","template":"","meta":{"footnotes":""},"class_list":["post-1158","page","type-page","status-publish","hentry"],"_links":{"self":[{"href":"https:\/\/www.cooperadoresdedios.org\/index.php\/wp-json\/wp\/v2\/pages\/1158","targetHints":{"allow":["GET"]}}],"collection":[{"href":"https:\/\/www.cooperadoresdedios.org\/index.php\/wp-json\/wp\/v2\/pages"}],"about":[{"href":"https:\/\/www.cooperadoresdedios.org\/index.php\/wp-json\/wp\/v2\/types\/page"}],"author":[{"embeddable":true,"href":"https:\/\/www.cooperadoresdedios.org\/index.php\/wp-json\/wp\/v2\/users\/1"}],"replies":[{"embeddable":true,"href":"https:\/\/www.cooperadoresdedios.org\/index.php\/wp-json\/wp\/v2\/comments?post=1158"}],"version-history":[{"count":1,"href":"https:\/\/www.cooperadoresdedios.org\/index.php\/wp-json\/wp\/v2\/pages\/1158\/revisions"}],"predecessor-version":[{"id":1164,"href":"https:\/\/www.cooperadoresdedios.org\/index.php\/wp-json\/wp\/v2\/pages\/1158\/revisions\/1164"}],"up":[{"embeddable":true,"href":"https:\/\/www.cooperadoresdedios.org\/index.php\/wp-json\/wp\/v2\/pages\/701"}],"wp:attachment":[{"href":"https:\/\/www.cooperadoresdedios.org\/index.php\/wp-json\/wp\/v2\/media?parent=1158"}],"curies":[{"name":"wp","href":"https:\/\/api.w.org\/{rel}","templated":true}]}}