{"id":1333,"date":"2023-11-22T14:33:28","date_gmt":"2023-11-22T14:33:28","guid":{"rendered":"http:\/\/www.cooperadoresdedios.org\/?page_id=1333"},"modified":"2023-11-22T14:33:28","modified_gmt":"2023-11-22T14:33:28","slug":"domo-1-manualidades-jugueteria","status":"publish","type":"page","link":"https:\/\/www.cooperadoresdedios.org\/index.php\/vina-pedagogia-para-la-vida\/domo-1-manualidades-jugueteria\/","title":{"rendered":"VI\u00d1A PEDAGOG\u00cdA PARA LA VIDA &#8211; DOMO 1 &#8211; Manualidades &#8211; Jugueter\u00eda"},"content":{"rendered":"\n<div class=\"NavLinks\">\n                            <ul>\n                                <li><a href=\"\/\">Inicio<\/a><\/li>\n                                <li><a href=\"\/index.php\/vina-pedagogia-para-la-vida\/\">Vi\u00f1a Pedagog\u00eda para la vida<\/a><\/li>\n                                <li>DOMO 1 &#8211; Manualidades &#8211; Jugueter\u00eda<\/li>\n                            <\/ul>\n                        <\/div>\n","protected":false},"excerpt":{"rendered":"<p>Inicio Vi\u00f1a Pedagog\u00eda para la vida DOMO 1 &#8211; Manualidades &#8211; Jugueter\u00eda<\/p>\n","protected":false},"author":1,"featured_media":0,"parent":1328,"menu_order":1,"comment_status":"closed","ping_status":"closed","template":"","meta":{"footnotes":""},"class_list":["post-1333","page","type-page","status-publish","hentry"],"_links":{"self":[{"href":"https:\/\/www.cooperadoresdedios.org\/index.php\/wp-json\/wp\/v2\/pages\/1333","targetHints":{"allow":["GET"]}}],"collection":[{"href":"https:\/\/www.cooperadoresdedios.org\/index.php\/wp-json\/wp\/v2\/pages"}],"about":[{"href":"https:\/\/www.cooperadoresdedios.org\/index.php\/wp-json\/wp\/v2\/types\/page"}],"author":[{"embeddable":true,"href":"https:\/\/www.cooperadoresdedios.org\/index.php\/wp-json\/wp\/v2\/users\/1"}],"replies":[{"embeddable":true,"href":"https:\/\/www.cooperadoresdedios.org\/index.php\/wp-json\/wp\/v2\/comments?post=1333"}],"version-history":[{"count":1,"href":"https:\/\/www.cooperadoresdedios.org\/index.php\/wp-json\/wp\/v2\/pages\/1333\/revisions"}],"predecessor-version":[{"id":1344,"href":"https:\/\/www.cooperadoresdedios.org\/index.php\/wp-json\/wp\/v2\/pages\/1333\/revisions\/1344"}],"up":[{"embeddable":true,"href":"https:\/\/www.cooperadoresdedios.org\/index.php\/wp-json\/wp\/v2\/pages\/1328"}],"wp:attachment":[{"href":"https:\/\/www.cooperadoresdedios.org\/index.php\/wp-json\/wp\/v2\/media?parent=1333"}],"curies":[{"name":"wp","href":"https:\/\/api.w.org\/{rel}","templated":true}]}}