{"id":713,"date":"2023-10-29T14:58:23","date_gmt":"2023-10-29T14:58:23","guid":{"rendered":"http:\/\/www.cooperadoresdedios.org\/?page_id=713"},"modified":"2024-06-24T14:42:17","modified_gmt":"2024-06-24T14:42:17","slug":"inicio-2","status":"publish","type":"page","link":"https:\/\/www.cooperadoresdedios.org\/","title":{"rendered":"INICIO"},"content":{"rendered":"\n                <div class=\"row CdeD_BgVina\">\n\n                        <div class=\"col-md-4 CdeD_vina1\">\n                            <a href=\"\/index.php\/vina-infantil\/\">\n                                <div class=\"row\">\n                                    <div class=\"CdeD_boton-vina\">\n                                        <h3 style=\"font-family: 'Borel', cursive; margin-top:30px\">Soy ni\u00f1o<\/h3>\n                                        <p>VI\u00d1A INFANTIL<\/p>\n                                    <\/div>\n                                <\/div>\n                            <\/a>\n                        <\/div>\n                        <div class=\"col-md-4 CdeD_vina2\">\n                            <a href=\"\/index.php\/vina-juvenil\/\">\n                                <div class=\"row\">\n                                    <div class=\"CdeD_boton-vina\">\n                                        <h3 style=\"font-family: 'Mr Bedfort', cursive; font-size:50px\">Soy joven<\/h3>\n                                        <p>VI\u00d1A JUVENIL<\/p>\n                                    <\/div>\n                                <\/div>\n                            <\/a>\n                        <\/div>\n                        <div class=\"col-md-4 CdeD_vina3\">\n                            <a href=\"\/index.php\/vina-adultos\/\">\n                                <div class=\"row\">\n                                    <div class=\"CdeD_boton-vina\">\n                                        <h3 style=\"font-family: 'Delius Swash Caps', cursive;\">Soy adulto<\/h3>\n                                        <p>VI\u00d1AS DE PADRES Y VECINOS<\/p>\n                                    <\/div>\n                                <\/div>    \n                            <\/a>\n                        <\/div> \n                <\/div>\n                <div class=\"row\">\n                    <div class=\"col-md-2 CdeDLogoDiv\">\n                        <img decoding=\"async\" src=\"http:\/\/www.cooperadoresdedios.org\/wp-content\/uploads\/2023\/11\/Logo-Cooperadores-de-Dios.jpg\" class=\"CdeD_Img_Logo\">\n                    <\/div>\n                    <div class=\"col-md-10 CdeDCenter\" style=\"margin-top: 10px!important; border-bottom:1px solid #CCC\">\n                        <div class=\"row\" style=\"\">\n                            \n                            <div class=\"col-md-3 \"><h5>\u00bfComo buscar en nuestra web?<\/h5><\/div>\n                            <div class=\"col-md-4 \">\n                                <a href=\"https:\/\/www.cooperadoresdedios.org\/index.php\/indice\/\" class=\"btn btn-danger btn-block  d-inline-flex align-items-center btn-md\">Ingrese a nuestro \u00cdndice<\/a>\n                                <br><small><small>Encontrar\u00e1 informaci\u00f3n sobre cada vi\u00f1a<\/small><\/small>\n                            <\/div>\n                            <div class=\"col-md-5 \">\n                                \r\n<div id='thaps-search-box' class=\"thaps-search-box  submit-active  default_style\">\r\n\r\n<form class=\"thaps-search-form\" action='https:\/\/www.cooperadoresdedios.org\/' id='thaps-search-form'  method='get'>\r\n\r\n<div class=\"thaps-from-wrap\">\r\n\r\n   <input id='thaps-search-autocomplete-1' name='s' placeholder='Escriba aqu\u00ed lo que quiere buscar' class=\"thaps-search-autocomplete thaps-form-control\" value='' type='text' title='Search' \/>\r\n\r\n    \r\n\r\n   <div class=\"thaps-preloader\"><\/div>\r\n\r\n  \r\n   \r\n  \r\n    <button id='thaps-search-button' value=\"Submit\" type='submit'>  \r\n\r\n   <span class=\"th-icon th-icon-vector-search icon-style\" style=\"color:\"><\/span>\r\n<\/button>         <input type=\"hidden\" name=\"post_type\" value=\"product\" \/>\r\n\r\n        <span class=\"label label-default\" id=\"selected_option\"><\/span>\r\n\r\n      <\/div>\r\n\r\n <\/form>\r\n\r\n <\/div>  \r\n\r\n<!-- Bar style   -->      \r\n\r\n \n                            <\/div>\n                        \n                        <\/div>\n                    <\/div>\n                    <div class=\"col-md-12 CdeDCenter\">\n\n                        <div class=\"row\" style=\"\">\n\n                            <h3 style=\"margin-left: 0px\">Prestar apoyo y atenci\u00f3n con: <\/h3>\n                            <div class=\"col-md-4 cdeDMarginMobile\">\n                                <a href=\"\/index.php\/vina-educacion-para-la-fe\/\" class=\"btn btn-block  d-inline-flex align-items-center btn-md CdeDBtnAzul\">EDUCACION PARA LA FE<\/a>\n<br>\n    <a href=\"\/index.php\/vina-escuela-en-casa\/\" class=\"btn btn-block  d-inline-flex align-items-center btn-md CdeDBtnAzul\">ESCUELA EN CASA<\/a>\n                            <\/div>\n\n                            <div class=\"col-md-3 cdeDMarginMobile\">\n                                <a href=\"\/index.php\/vina-pedagogia-para-la-vida\/&quot;\" class=\"btn btn-block  d-inline-flex align-items-center btn-md CdeDBtnAzul\">PEDAGOG\u00cdA PARA LA VIDA<\/a>\n                                <a href=\"\/index.php\/vina-medicina-de-dios\/\" class=\"btn btn-block  d-inline-flex align-items-center btn-md CdeDBtnAzul\">MEDICINA DE DIOS<\/a><br>\n\n                            <\/div>\n                            <div class=\"col-md-4 cdeDMarginMobile\">\n                                <a href=\"\/index.php\/vina-sanar-y-fortalecer-la-familia\/\" class=\"btn btn-block  d-inline-flex align-items-center btn-md CdeDBtnAzul\">SANAR Y FORTALECER LA FAMILIA<\/a>\n                                <br>\n                                <a href=\"\/index.php\/vina-vecinal\/\" class=\"btn btn-block  d-inline-flex align-items-center btn-md CdeDBtnAzul\">CREAR COMUNIDAD VECINAL<\/a>\n                            <\/div>                \n                        <\/div>\n                       \n                    <\/div>\n                   \n\n                <\/div>\n                <section id=\"CdeD_Seccion_Introduccion\">\n                    <div class=\"row\">\n                        <h3>INTRODUCCI\u00d3N<\/h3>\n<p style=\"margin-left:0px;\"><strong>Santos Patronos: <\/strong><a href=\"\/index.php\/2023\/07\/31\/santos-patronos-de-cooperadores-de-dios\/#PatronoPadreCelestial\" style=\"text-decoration:underline!important\">El Padre celestial<\/a>, <a href=\"\/index.php\/2023\/07\/31\/santos-patronos-de-cooperadores-de-dios\/#PatronoCristoRey\" style=\"text-decoration:underline!important\">Cristo Rey<\/a>, <a href=\"\/index.php\/2023\/07\/31\/santos-patronos-de-cooperadores-de-dios\/#PatronoEspirituSanto\" style=\"text-decoration:underline!important\">Esp\u00edritu Santo<\/a>, <a href=\"\/index.php\/2023\/07\/31\/santos-patronos-de-cooperadores-de-dios\/#PatronoSenoraDelPilar\" style=\"text-decoration:underline!important\">Nuestra Se\u00f1ora del Pilar<\/a>, <a href=\"\/index.php\/2023\/07\/31\/santos-patronos-de-cooperadores-de-dios\/#PatronoVirgenDeGuadalupe\" style=\"text-decoration:underline!important\">Virgen de Guadalupe<\/a><br><br><\/p>\n                        <div class=\"col-md-6\">\n                           \n                            <p style=\"margin-left:0px\"><span class=\"CdeD_Pbig\">Cooperadores de Dios<\/span> es un proyecto en defensa de la familia, ni\u00f1os y j\u00f3venes.<\/p>\n                            <p style=\"margin-left:0px\">Padres, maestros, sociedad y estado son cooperadores de Dios. <\/p><p style=\"margin-left:0px\">Son responsables de una sana formaci\u00f3n.<\/p>\n                            <ul>\n                                <li><strong>Los padres: <\/strong>como co-creadores en la unidad familiar, concepci\u00f3n, gestaci\u00f3n, nacimiento y crianza de los hijos.<\/li>\n                                <li><strong>Los maestros y catequistas:<\/strong> son cooperadores en la labor educativa.<\/li>\n                                <li><strong>La sociedad:<\/strong> lo es por medio de instituciones encargadas de apoyar la educaci\u00f3n a nivel local y global.<\/li>\n                                <li><strong>El estado:<\/strong> en su labor legislativa, creando leyes que protejan los ciudadanos y su formaci\u00f3n integral.<\/li>\n                            <\/ul>\n                        <\/div>\n                        <div class=\"col-md-6\">\n                            <p style=\"margin-left:0px\"><small>Este video explica el prop\u00f3sito de este canal, titulado <strong>COOPERADORES DE DIOS<\/strong>. Es una iniciativa por la defensa de la familia, y de la pureza de j\u00f3venes y ni\u00f1os.<\/small><\/p>\n                            <iframe loading=\"lazy\" width=\"100%\" height=\"290px\" src=\"https:\/\/www.youtube.com\/embed\/upyuOYp0rok?si=MmewzTIdoAj4Hc26\" title=\"YouTube video player\" frameborder=\"0\" allow=\"accelerometer; autoplay; clipboard-write; encrypted-media; gyroscope; picture-in-picture\" allowfullscreen=\"\"><\/iframe>\n                        <\/div>\n                    <\/div>\n                <\/section>\n\n\n\n<p style=\"text-align:left\">UNA NUEVA ARCA DE SALVACI\u00d3N: <strong>COOPERADORES DE DIOS<\/strong><br><br>Esta <strong>ARCA<\/strong> a modo de <strong>HOSPITAL DE LA HUMANIDAD  <\/strong>est\u00e1 constituida POR <strong>VI\u00d1AS<\/strong> o diversos aspectos de NUESTRA MISI\u00d3N las cuales contienen <strong>DOMOS <\/strong> <small><sup>1<\/sup><\/small> que tratan los diversos temas de la VI\u00d1A:<br><br>NUESTRA MISION es traer a los HIJOS DE DIOS de regreso a SU DIVINO CORAZ\u00d3N. Como el BUEN PASTOR y en COOPERACI\u00d3N CON \u00c9L, buscarlos donde est\u00e9n, rescatarlos, consolarlos, limpiarlos, sanarlos, iluminarlos y atraerlos al \u00daNICO REBA\u00d1O bajo el \u00fanico PASTOR SUPREMO, CRISTO JES\u00daS.<br> <br>El mal no descansa, no duerme, se propaga vertiginosamente,  ha entenebrecido el mundo entero. <br> <br>Por ello <strong>LOS COOPERADORES DE DIOS DEBEN DESPERTAR, Y ACTUAR URGENTE, MASIVA y ASTUTAMENTE, SIN DESCANSAR<\/strong>, <strong>SUSCITAR UN INCENDIO DE AMOR CORTAFUEGOS DE LAS LLAMAS DE ODIO QUE EL MAL HA SUSCITADO, <\/strong>CONSAGRANDO A TODOS AL INMACULADO CORAZ\u00d3N DE NUESTRA MADRE, \u00daNICO REFUGIO SEGURO.<br><br>Nadie podr\u00eda, en justicia, marginarse de esta misi\u00f3n; todos deber\u00edamos ser cooperadores de Dios, la humanidad enferma nos necesita. <\/p>\n<p><sup><strong>1.DOMO : Ventana alta en el techo o todo el techo a manera de c\u00fapula, cuando tiene la funci\u00f3n de atrapar la LUZ y reflejarla hacia el interior.<\/strong><\/sup><\/p>\n\n\n\n<style>\n                    .CdD-BackImgDosCaminos {\n                        background-size: 100%;\n                        background-repeat:no-repeat;\n                        background-image:url(https:\/\/esglesia.barcelona\/es\/wp-content\/uploads\/sites\/2\/2020\/11\/202011Els-dos-camins-47p1a-1.jpg);\n                    }\n                    @media (max-width: 767px) {\n                        .CdD-BackImgDosCaminos {\n                        background-size: auto 100%;\n                        }\n                    }\n                <\/style>\n                <section class=\"CdD-BackImgDosCaminos\" style=\"color: white; \">\n                    <div class=\"container\">\n                        <div class=\"row\">\n                            <div class=\"col-md-12\" style=\"text-align: center;\">\n                                <h2 style=\" margin-left:0px; border-radius: 10px;display:inline-block; padding: 10px;color:  white;  background-color: rgba(0, 0, 0, 0.5);  \">LOS DOS \u00daNICOS CAMINOS<\/h2>\n                                <h5 style=\"margin-left:0px;  border-radius: 10px;display:inline-block; padding: 10px;color:  white;  background-color: rgba(0, 0, 0, 0.5);  \">Nada m\u00e1s abrir el libro de los SALMOS en las Sagradas Escrituras\n                                encontramos una advertencia de Dios<\/h5>\n\n                            <\/div>\n                            <div class=\"col-sm-6 col-md-5 \" style=\"text-align: center;\">\n                                <p style=\"margin-left:0px;  border-radius: 10px; color: white;  background-color: rgba(0, 0, 0, 0.5); padding: 20px; font-size: 14px; \">\n                                    <span style=\"font-size: 18px; font-weight: bold;\"><sup>1<\/sup> BENDECIDO es<\/span><br>\n                                    quien no se junta con los malvados<br>\n                                    que no va a la senda de los pecadores<br>\n                                    ni se sientan con los burlones.<br>\n                                    <br>\n                                    <sup>2<\/sup> Al contrario,<br>\n                                    encuentra su delicia en la ley del Se\u00f1or<br>\n                                    y medita d\u00eda y noche sus mandamientos.<br>\n                                    <br>\n                                    <sup>3<\/sup> Es como un \u00e1rbol plantado a la orilla del arroyo<br>\n                                    que produce sus frutos a su tiempo,<br>\n                                    sus hojas jam\u00e1s se marchitan,<br>\n                                    todo lo que emprende tiene buen fin.   <br>\n                                <\/p>\n                            <\/div>\n                            <div class=\"col-md-2  d-none d-sm-none d-md-block\" style=\"text-align: center;\">\n                                <h4 style=\" margin-left:0px; border-radius: 10px;display:inline-block; padding: 10px;color:  white;  background-color: rgba(0, 0, 0, 0.5);  \">SALMO 1<\/h4>\n                            <\/div>\n                            <div class=\"col-sm-6 col-md-5  \" style=\"text-align: center;\">\n                                    <p style=\" margin-left:0px; border-radius: 10px; color: white;  background-color: rgba(0, 0, 0, 0.5); padding: 20px; font-size: 14px; \">\n                                \n                                        <span style=\"font-size: 18px; font-weight: bold;\"><sup>4<\/sup> Es diferente con los malvados<\/span><br> \n                                        son como paja esparcida por el viento.<br> \n                                        <br> \n                                        <sup>5<\/sup> El perverso no quedar\u00e1 en pie<br> \n                                        cuando venga el juicio,<br> \n                                        ni los pecadores, en la asamblea de los justos.<br> \n                                    <\/p>\n                                    <p style=\" margin-left:0px; border-radius: 10px; color: white;  background-color: rgba(35, 62, 212, 0.6); padding: 20px; font-size: 13px; \">\n                                \n                                        <span style=\"font-size: 18px; font-weight: bold;\">\n                                            <sup>6<\/sup> PORQUE EL SE\u00d1OR BENDICE EL CAMINO DE LOS RECTOS  \n                                        <\/span>       \n                                    <\/p>\n                                    <p style=\" margin-left:0px; border-radius: 10px; color: white;  background-color: rgba(201, 9, 9, 0.6); padding: 20px; font-size: 13px; \">\n                                \n                                        <span style=\"font-size: 18px; font-weight: bold;\">\n                                            PERO DESTRUYE LA SENDA DE LOS MALHECHORES  <\/span>      \n                                    <\/p>\n\n\n                            <\/div>\n                            <div class=\"col-xs-12\" style=\"text-align: center;\">\n                                <h6 style=\"margin-left:0px; font-weight: bold; border-radius: 10px;display:inline-block; padding: 10px;color:  black;  background-color: rgba(238, 223, 16, 0.6);  \">\n                                    ES LA ADVERTENCIA DE UN DIOS QUE ES AMOR\n                                    Y QUIERE QUE TODAS SUS CRIATURAS  LO SEPAN Y SE SALVEN.\n                                    <\/h6>\n\n                            <\/div>\n\n\n                        <\/div>\n                     <\/div>\n                <\/section>\n\n\n\n<p><br><br><\/p>\n\n\n\n<div class=\"wp-block-image\"><figure class=\"aligncenter\"><img loading=\"lazy\" decoding=\"async\" width=\"653\" height=\"900\" src=\"http:\/\/www.cooperadoresdedios.org\/wp-content\/uploads\/2024\/02\/12dones.png\" alt=\"\" class=\"wp-image-5300\" srcset=\"https:\/\/www.cooperadoresdedios.org\/wp-content\/uploads\/2024\/02\/12dones.png 653w, https:\/\/www.cooperadoresdedios.org\/wp-content\/uploads\/2024\/02\/12dones-218x300.png 218w, https:\/\/www.cooperadoresdedios.org\/wp-content\/uploads\/2024\/02\/12dones-48x66.png 48w\" sizes=\"auto, (max-width: 653px) 100vw, 653px\" \/><\/figure><\/div>\n\n\n\n<p style=\"text-align:center\">(Mt. 18, 15-17)<strong><em> \u201cSi tu hermano peca, ve a solas con \u00e9l y\nhazle ver su falta. Si te hace caso, has ganado a tu hermano. Pero si no, lleva\ncontigo a uno o dos m\u00e1s, para que \u201ctodo asunto se resuelva mediante el\ntestimonio de dos o tres testigos\u201d. Si se niega a hacerles caso a ellos, d\u00edselo\na la iglesia; y si incluso a la iglesia no le hace caso, tr\u00e1talo como si fuera\nun incr\u00e9dulo.\u201d<\/em><\/strong><\/p>\n\n\n\n<div class=\"alert alert-danger\"><strong>\nLa oraci\u00f3n dada por la Virgen Mar\u00eda en Holanda que nos habla muy claro de la IMPORTANCIA del Esp\u00edritu Santo en la vida humana:<\/strong>\n<\/div>\n\n\n\n<figure class=\"wp-block-image\"><img loading=\"lazy\" decoding=\"async\" width=\"1024\" height=\"576\" src=\"http:\/\/www.cooperadoresdedios.org\/wp-content\/uploads\/2024\/03\/image-10-1024x576.png\" alt=\"\" class=\"wp-image-5973\" srcset=\"https:\/\/www.cooperadoresdedios.org\/wp-content\/uploads\/2024\/03\/image-10-1024x576.png 1024w, https:\/\/www.cooperadoresdedios.org\/wp-content\/uploads\/2024\/03\/image-10-300x169.png 300w, https:\/\/www.cooperadoresdedios.org\/wp-content\/uploads\/2024\/03\/image-10-768x432.png 768w, https:\/\/www.cooperadoresdedios.org\/wp-content\/uploads\/2024\/03\/image-10-48x27.png 48w, https:\/\/www.cooperadoresdedios.org\/wp-content\/uploads\/2024\/03\/image-10.png 1280w\" sizes=\"auto, (max-width: 1024px) 100vw, 1024px\" \/><\/figure>\n\n\n\n<p><p style=\"text-align:center; margin:auto\"><a href=\"\/index.php\/2023\/12\/27\/confesarse-bien\/\" class=\"btn btn-info\" style=\"text-align:center; margin:auto\">Encuentra aqu\u00ed un instructivo para hacer una buena confesi\u00f3n<\/a><\/p><\/p>\n","protected":false},"excerpt":{"rendered":"<p>Soy ni\u00f1o VI\u00d1A INFANTIL Soy joven VI\u00d1A JUVENIL Soy adulto VI\u00d1AS DE PADRES Y VECINOS \u00bfComo buscar en nuestra web? Ingrese a nuestro \u00cdndice Encontrar\u00e1 informaci\u00f3n sobre cada vi\u00f1a Prestar apoyo y atenci\u00f3n con: EDUCACION PARA LA FE ESCUELA EN CASA PEDAGOG\u00cdA PARA LA VIDA MEDICINA DE DIOS SANAR Y FORTALECER LA FAMILIA CREAR COMUNIDAD [&hellip;]<\/p>\n","protected":false},"author":1,"featured_media":0,"parent":0,"menu_order":0,"comment_status":"closed","ping_status":"closed","template":"","meta":{"footnotes":""},"class_list":["post-713","page","type-page","status-publish","hentry"],"_links":{"self":[{"href":"https:\/\/www.cooperadoresdedios.org\/index.php\/wp-json\/wp\/v2\/pages\/713","targetHints":{"allow":["GET"]}}],"collection":[{"href":"https:\/\/www.cooperadoresdedios.org\/index.php\/wp-json\/wp\/v2\/pages"}],"about":[{"href":"https:\/\/www.cooperadoresdedios.org\/index.php\/wp-json\/wp\/v2\/types\/page"}],"author":[{"embeddable":true,"href":"https:\/\/www.cooperadoresdedios.org\/index.php\/wp-json\/wp\/v2\/users\/1"}],"replies":[{"embeddable":true,"href":"https:\/\/www.cooperadoresdedios.org\/index.php\/wp-json\/wp\/v2\/comments?post=713"}],"version-history":[{"count":138,"href":"https:\/\/www.cooperadoresdedios.org\/index.php\/wp-json\/wp\/v2\/pages\/713\/revisions"}],"predecessor-version":[{"id":6897,"href":"https:\/\/www.cooperadoresdedios.org\/index.php\/wp-json\/wp\/v2\/pages\/713\/revisions\/6897"}],"wp:attachment":[{"href":"https:\/\/www.cooperadoresdedios.org\/index.php\/wp-json\/wp\/v2\/media?parent=713"}],"curies":[{"name":"wp","href":"https:\/\/api.w.org\/{rel}","templated":true}]}}